{"id":37725,"date":"2023-01-31T23:04:40","date_gmt":"2023-01-31T23:04:40","guid":{"rendered":"https:\/\/netsteril.com\/blog\/"},"modified":"2026-03-19T11:13:05","modified_gmt":"2026-03-19T11:13:05","slug":"blog","status":"publish","type":"page","link":"https:\/\/netsteril.com\/ca\/blog\/","title":{"rendered":"Blog"},"content":{"rendered":"<div class=\"fusion-fullwidth fullwidth-box fusion-builder-row-1 fusion-flex-container has-pattern-background has-mask-background nonhundred-percent-fullwidth non-hundred-percent-height-scrolling\" style=\"--awb-border-radius-top-left:0px;--awb-border-radius-top-right:0px;--awb-border-radius-bottom-right:0px;--awb-border-radius-bottom-left:0px;--awb-flex-wrap:wrap;\" ><div class=\"fusion-builder-row fusion-row fusion-flex-align-items-flex-start fusion-flex-content-wrap\" style=\"max-width:1414.4px;margin-left: calc(-4% \/ 2 );margin-right: calc(-4% \/ 2 );\"><div class=\"fusion-layout-column fusion_builder_column fusion-builder-column-0 fusion_builder_column_1_1 1_1 fusion-flex-column\" style=\"--awb-bg-size:cover;--awb-width-large:100%;--awb-margin-top-large:0px;--awb-spacing-right-large:1.92%;--awb-margin-bottom-large:20px;--awb-spacing-left-large:1.92%;--awb-width-medium:100%;--awb-order-medium:0;--awb-spacing-right-medium:1.92%;--awb-spacing-left-medium:1.92%;--awb-width-small:100%;--awb-order-small:0;--awb-spacing-right-small:1.92%;--awb-spacing-left-small:1.92%;\"><div class=\"fusion-column-wrapper fusion-column-has-shadow fusion-flex-justify-content-flex-start fusion-content-layout-column\"><div class=\"fusion-blog-shortcode fusion-blog-shortcode-1 fusion-blog-archive fusion-blog-layout-grid-wrapper fusion-blog-pagination\"><style type=\"text\/css\">.fusion-blog-shortcode-1 .fusion-blog-layout-grid .fusion-post-grid{padding:20px;}.fusion-blog-shortcode-1 .fusion-posts-container{margin-left: -20px !important; margin-right:-20px !important;}<\/style><div class=\"fusion-posts-container fusion-posts-container-pagination fusion-blog-rollover fusion-blog-layout-grid fusion-blog-layout-grid-3 isotope fusion-blog-equal-heights\" data-pages=\"1\" data-grid-col-space=\"40\" style=\"margin: -20px -20px 0;min-height:500px;\"><article id=\"blog-1-post-37611\" class=\"fusion-post-grid post-37611 post type-post status-publish format-standard has-post-thumbnail hentry category-sin-categorizar\">\n<div class=\"fusion-post-wrapper\" style=\"background-color:var(--awb-color1);border:1px solid var(--awb-color2);border-bottom-width:3px;\">\n\n\t\t\t<div class=\"fusion-flexslider flexslider fusion-flexslider-loading fusion-post-slideshow\" style=\"border-color:var(--awb-color2);\">\n\t\t<ul class=\"slides\">\n\t\t\t\n\t\t\t\t\t\t\t\t\t\t\t\t\t\t<li><div  class=\"fusion-image-wrapper\" aria-haspopup=\"true\">\n\t\t\t\t<img decoding=\"async\" width=\"1300\" height=\"683\" src=\"https:\/\/netsteril.com\/wp-content\/uploads\/2026\/03\/netsteril-10-aniversari-1.jpg\" class=\"attachment-full size-full lazyload wp-post-image\" alt=\"Netsteril 10 Aniversari\" srcset=\"data:image\/svg+xml,%3Csvg%20xmlns%3D%27http%3A%2F%2Fwww.w3.org%2F2000%2Fsvg%27%20width%3D%271300%27%20height%3D%27683%27%20viewBox%3D%270%200%201300%20683%27%3E%3Crect%20width%3D%271300%27%20height%3D%27683%27%20fill-opacity%3D%220%22%2F%3E%3C%2Fsvg%3E\" data-orig-src=\"https:\/\/netsteril.com\/wp-content\/uploads\/2026\/03\/netsteril-10-aniversari-1.jpg\" data-srcset=\"https:\/\/netsteril.com\/wp-content\/uploads\/2026\/03\/netsteril-10-aniversari-1-200x105.jpg 200w, https:\/\/netsteril.com\/wp-content\/uploads\/2026\/03\/netsteril-10-aniversari-1-400x210.jpg 400w, https:\/\/netsteril.com\/wp-content\/uploads\/2026\/03\/netsteril-10-aniversari-1-600x315.jpg 600w, https:\/\/netsteril.com\/wp-content\/uploads\/2026\/03\/netsteril-10-aniversari-1-800x420.jpg 800w, https:\/\/netsteril.com\/wp-content\/uploads\/2026\/03\/netsteril-10-aniversari-1-1200x630.jpg 1200w, https:\/\/netsteril.com\/wp-content\/uploads\/2026\/03\/netsteril-10-aniversari-1.jpg 1300w\" data-sizes=\"auto\" \/><div class=\"fusion-rollover\">\n\t<div class=\"fusion-rollover-content\">\n\n\t\t\t\t\n\t\t\n\t\t\t\t\t\t\t\t\t\t\t\t<h4 class=\"fusion-rollover-title\">\n\t\t\t\t\t<a class=\"fusion-rollover-title-link\" href=\"https:\/\/netsteril.com\/ca\/blog\/10-aniversari-netsteril\/\">\n\t\t\t\t\t\t10 anys de Netsteril: una d\u00e8cada connectant tecnologia, servei i confian\u00e7a\t\t\t\t\t<\/a>\n\t\t\t\t<\/h4>\n\t\t\t\n\t\t\t\t\t\t\t\t\n\t\t\n\t\t\t\t\t\t<a class=\"fusion-link-wrapper\" href=\"https:\/\/netsteril.com\/ca\/blog\/10-aniversari-netsteril\/\" aria-label=\"10 anys de Netsteril: una d\u00e8cada connectant tecnologia, servei i confian\u00e7a\"><\/a>\n\t<\/div>\n<\/div>\n<\/div>\n<\/li>\n\t\t\t\n\t\t\t\n\t\t\t\t\t\t\t\t\t\t\t\t\t\t\t\t\t\t\t\t\t\t\t\t\t\t\t\t\t\t\t\t\t\t\t\t\t\t\t\t\t\t\t\t\t\t\t\t\t\t\t\t\t\t\t\t\t\t\t\t\t\t\t\t\t\t\t\t<\/ul>\n\t<\/div>\n\t<div class=\"fusion-post-content-wrapper\" style=\"padding:30px 25px 20px 25px;\"><div class=\"fusion-post-content post-content\"><h2 class=\"blog-shortcode-post-title\"><a href=\"https:\/\/netsteril.com\/ca\/blog\/10-aniversari-netsteril\/\">10 anys de Netsteril: una d\u00e8cada connectant tecnologia, servei i confian\u00e7a<\/a><\/h2><p class=\"fusion-single-line-meta\">Per <span><a href=\"https:\/\/netsteril.com\/en\/jordi-net\/\" title=\"Entrades de JORDI NET\" rel=\"author\">JORDI NET<\/a><\/span><span class=\"fusion-inline-sep\">|<\/span><span>19\/03\/2026<\/span><span class=\"fusion-inline-sep\">|<\/span><\/p><div class=\"fusion-content-sep sep-\"><\/div><div class=\"fusion-post-content-container\"><p> Aquest mes de mar\u00e7 a Netsteril celebrem deu anys de traject\u00f2ria. Deu anys en qu\u00e8 l\u2019empresa ha evolucionat dins d\u2019un sector especialment exigent, on l\u2019especialitzaci\u00f3 t\u00e8cnica, la fiabilitat i la capacitat d\u2019adaptaci\u00f3 s\u00f3n determinants. La ind\u00fastria farmac\u00e8utica i biotecnol\u00f2gica no deixa marge a la improvisaci\u00f3: cada decisi\u00f3, cada proc\u00e9s<\/p><\/div><\/div><div class=\"fusion-meta-info\"><div class=\"fusion-alignleft\"><a class=\"fusion-read-more\" href=\"https:\/\/netsteril.com\/ca\/blog\/10-aniversari-netsteril\/\" aria-label=\"More on 10 anys de Netsteril: una d\u00e8cada connectant tecnologia, servei i confian\u00e7a\">Llegeix m\u00e9s<\/a><\/div><\/div><\/div><div class=\"fusion-clearfix\"><\/div><\/div>\n<\/article>\n<div class=\"fusion-clearfix\"><\/div><\/div><\/div><\/div><\/div><\/div><\/div>\n\n\n<div class=\"kk-star-ratings kksr-auto kksr-align-left kksr-valign-bottom\"\n    data-payload='{&quot;align&quot;:&quot;left&quot;,&quot;id&quot;:&quot;37611&quot;,&quot;slug&quot;:&quot;default&quot;,&quot;valign&quot;:&quot;bottom&quot;,&quot;ignore&quot;:&quot;&quot;,&quot;reference&quot;:&quot;auto&quot;,&quot;class&quot;:&quot;&quot;,&quot;count&quot;:&quot;0&quot;,&quot;legendonly&quot;:&quot;&quot;,&quot;readonly&quot;:&quot;&quot;,&quot;score&quot;:&quot;0&quot;,&quot;starsonly&quot;:&quot;&quot;,&quot;best&quot;:&quot;5&quot;,&quot;gap&quot;:&quot;5&quot;,&quot;greet&quot;:&quot;post&quot;,&quot;legend&quot;:&quot;0\\\/5 - (0 votes)&quot;,&quot;size&quot;:&quot;24&quot;,&quot;title&quot;:&quot;10 anys de Netsteril: una d\u00e8cada connectant tecnologia, servei i confian\u00e7a&quot;,&quot;width&quot;:&quot;0&quot;,&quot;_legend&quot;:&quot;{score}\\\/{best} - ({count} {votes})&quot;,&quot;font_factor&quot;:&quot;1.25&quot;}'>\n            \n<div class=\"kksr-stars\">\n    \n<div class=\"kksr-stars-inactive\">\n            <div class=\"kksr-star\" data-star=\"1\" style=\"padding-right: 5px\">\n            \n\n<div class=\"kksr-icon\" style=\"width: 24px; height: 24px;\"><\/div>\n        <\/div>\n            <div class=\"kksr-star\" data-star=\"2\" style=\"padding-right: 5px\">\n            \n\n<div class=\"kksr-icon\" style=\"width: 24px; height: 24px;\"><\/div>\n        <\/div>\n            <div class=\"kksr-star\" data-star=\"3\" style=\"padding-right: 5px\">\n            \n\n<div class=\"kksr-icon\" style=\"width: 24px; height: 24px;\"><\/div>\n        <\/div>\n            <div class=\"kksr-star\" data-star=\"4\" style=\"padding-right: 5px\">\n            \n\n<div class=\"kksr-icon\" style=\"width: 24px; height: 24px;\"><\/div>\n        <\/div>\n            <div class=\"kksr-star\" data-star=\"5\" style=\"padding-right: 5px\">\n            \n\n<div class=\"kksr-icon\" style=\"width: 24px; height: 24px;\"><\/div>\n        <\/div>\n    <\/div>\n    \n<div class=\"kksr-stars-active\" style=\"width: 0px;\">\n            <div class=\"kksr-star\" style=\"padding-right: 5px\">\n            \n\n<div class=\"kksr-icon\" style=\"width: 24px; height: 24px;\"><\/div>\n        <\/div>\n            <div class=\"kksr-star\" style=\"padding-right: 5px\">\n            \n\n<div class=\"kksr-icon\" style=\"width: 24px; height: 24px;\"><\/div>\n        <\/div>\n            <div class=\"kksr-star\" style=\"padding-right: 5px\">\n            \n\n<div class=\"kksr-icon\" style=\"width: 24px; height: 24px;\"><\/div>\n        <\/div>\n            <div class=\"kksr-star\" style=\"padding-right: 5px\">\n            \n\n<div class=\"kksr-icon\" style=\"width: 24px; height: 24px;\"><\/div>\n        <\/div>\n            <div class=\"kksr-star\" style=\"padding-right: 5px\">\n            \n\n<div class=\"kksr-icon\" style=\"width: 24px; height: 24px;\"><\/div>\n        <\/div>\n    <\/div>\n<\/div>\n                \n\n<div class=\"kksr-legend\" style=\"font-size: 19.2px;\">\n            <span class=\"kksr-muted\">post<\/span>\n    <\/div>\n    <\/div>\n","protected":false},"excerpt":{"rendered":"","protected":false},"author":1,"featured_media":0,"parent":0,"menu_order":0,"comment_status":"closed","ping_status":"closed","template":"","meta":{"footnotes":""},"class_list":["post-37725","page","type-page","status-publish","hentry"],"yoast_head":"<!-- This site is optimized with the Yoast SEO plugin v27.4 - https:\/\/yoast.com\/product\/yoast-seo-wordpress\/ -->\n<title>Actualitat Pharma 4.0 per la fabricaci\u00f3 GMP de productes esterils<\/title>\n<meta name=\"description\" content=\"Blog d&#039;actualitat Netsteril referent a Espanya en tecnologia per a la prevenci\u00f3 i control de contaminaci\u00f3 a la industria farmac\u00e8utica y biotecnologica.\" \/>\n<meta name=\"robots\" content=\"index, follow, max-snippet:-1, max-image-preview:large, max-video-preview:-1\" \/>\n<link rel=\"canonical\" href=\"https:\/\/netsteril.com\/ca\/wp-json\/wp\/v2\/pages\/37725\" \/>\n<meta property=\"og:locale\" content=\"ca_ES\" \/>\n<meta property=\"og:type\" content=\"article\" \/>\n<meta property=\"og:title\" content=\"Actualitat Pharma 4.0 per la fabricaci\u00f3 GMP de productes esterils\" \/>\n<meta property=\"og:description\" content=\"Blog d&#039;actualitat Netsteril referent a Espanya en tecnologia per a la prevenci\u00f3 i control de contaminaci\u00f3 a la industria farmac\u00e8utica y biotecnologica.\" \/>\n<meta property=\"og:url\" content=\"https:\/\/netsteril.com\/ca\/blog\/\" \/>\n<meta property=\"og:site_name\" content=\"Netsteril\" \/>\n<meta property=\"article:modified_time\" content=\"2026-03-19T11:13:05+00:00\" \/>\n<meta property=\"og:image\" content=\"https:\/\/netsteril.com\/wp-content\/uploads\/2023\/03\/netsteril.jpg\" \/>\n\t<meta property=\"og:image:width\" content=\"1200\" \/>\n\t<meta property=\"og:image:height\" content=\"630\" \/>\n\t<meta property=\"og:image:type\" content=\"image\/jpeg\" \/>\n<script type=\"application\/ld+json\" class=\"yoast-schema-graph\">{\"@context\":\"https:\\\/\\\/schema.org\",\"@graph\":[{\"@type\":\"WebPage\",\"@id\":\"https:\\\/\\\/netsteril.com\\\/ca\\\/blog\\\/\",\"url\":\"https:\\\/\\\/netsteril.com\\\/ca\\\/blog\\\/\",\"name\":\"Actualitat Pharma 4.0 per la fabricaci\u00f3 GMP de productes esterils\",\"isPartOf\":{\"@id\":\"https:\\\/\\\/netsteril.com\\\/ca\\\/#website\"},\"datePublished\":\"2023-01-31T23:04:40+00:00\",\"dateModified\":\"2026-03-19T11:13:05+00:00\",\"description\":\"Blog d'actualitat Netsteril referent a Espanya en tecnologia per a la prevenci\u00f3 i control de contaminaci\u00f3 a la industria farmac\u00e8utica y biotecnologica.\",\"breadcrumb\":{\"@id\":\"https:\\\/\\\/netsteril.com\\\/ca\\\/blog\\\/#breadcrumb\"},\"inLanguage\":\"ca\",\"potentialAction\":[{\"@type\":\"ReadAction\",\"target\":[\"https:\\\/\\\/netsteril.com\\\/ca\\\/blog\\\/\"]}]},{\"@type\":\"BreadcrumbList\",\"@id\":\"https:\\\/\\\/netsteril.com\\\/ca\\\/blog\\\/#breadcrumb\",\"itemListElement\":[{\"@type\":\"ListItem\",\"position\":1,\"name\":\"Portada\",\"item\":\"https:\\\/\\\/netsteril.com\\\/ca\\\/\"},{\"@type\":\"ListItem\",\"position\":2,\"name\":\"Blog\"}]},{\"@type\":\"WebSite\",\"@id\":\"https:\\\/\\\/netsteril.com\\\/ca\\\/#website\",\"url\":\"https:\\\/\\\/netsteril.com\\\/ca\\\/\",\"name\":\"Netsteril\",\"description\":\"Tecnologies de producci\u00f3 farmac\u00e8utica GMP\",\"publisher\":{\"@id\":\"https:\\\/\\\/netsteril.com\\\/ca\\\/#organization\"},\"potentialAction\":[{\"@type\":\"SearchAction\",\"target\":{\"@type\":\"EntryPoint\",\"urlTemplate\":\"https:\\\/\\\/netsteril.com\\\/ca\\\/?s={search_term_string}\"},\"query-input\":{\"@type\":\"PropertyValueSpecification\",\"valueRequired\":true,\"valueName\":\"search_term_string\"}}],\"inLanguage\":\"ca\"},{\"@type\":\"Organization\",\"@id\":\"https:\\\/\\\/netsteril.com\\\/ca\\\/#organization\",\"name\":\"Netsteril\",\"url\":\"https:\\\/\\\/netsteril.com\\\/ca\\\/\",\"logo\":{\"@type\":\"ImageObject\",\"inLanguage\":\"ca\",\"@id\":\"https:\\\/\\\/netsteril.com\\\/ca\\\/#\\\/schema\\\/logo\\\/image\\\/\",\"url\":\"https:\\\/\\\/netsteril.com\\\/wp-content\\\/uploads\\\/2023\\\/03\\\/netsteril.jpg\",\"contentUrl\":\"https:\\\/\\\/netsteril.com\\\/wp-content\\\/uploads\\\/2023\\\/03\\\/netsteril.jpg\",\"width\":1200,\"height\":630,\"caption\":\"Netsteril\"},\"image\":{\"@id\":\"https:\\\/\\\/netsteril.com\\\/ca\\\/#\\\/schema\\\/logo\\\/image\\\/\"}}]}<\/script>\n<!-- \/ Yoast SEO plugin. -->","yoast_head_json":{"title":"Actualitat Pharma 4.0 per la fabricaci\u00f3 GMP de productes esterils","description":"Blog d'actualitat Netsteril referent a Espanya en tecnologia per a la prevenci\u00f3 i control de contaminaci\u00f3 a la industria farmac\u00e8utica y biotecnologica.","robots":{"index":"index","follow":"follow","max-snippet":"max-snippet:-1","max-image-preview":"max-image-preview:large","max-video-preview":"max-video-preview:-1"},"canonical":"https:\/\/netsteril.com\/ca\/wp-json\/wp\/v2\/pages\/37725","og_locale":"ca_ES","og_type":"article","og_title":"Actualitat Pharma 4.0 per la fabricaci\u00f3 GMP de productes esterils","og_description":"Blog d'actualitat Netsteril referent a Espanya en tecnologia per a la prevenci\u00f3 i control de contaminaci\u00f3 a la industria farmac\u00e8utica y biotecnologica.","og_url":"https:\/\/netsteril.com\/ca\/blog\/","og_site_name":"Netsteril","article_modified_time":"2026-03-19T11:13:05+00:00","og_image":[{"width":1200,"height":630,"url":"https:\/\/netsteril.com\/wp-content\/uploads\/2023\/03\/netsteril.jpg","type":"image\/jpeg"}],"schema":{"@context":"https:\/\/schema.org","@graph":[{"@type":"WebPage","@id":"https:\/\/netsteril.com\/ca\/blog\/","url":"https:\/\/netsteril.com\/ca\/blog\/","name":"Actualitat Pharma 4.0 per la fabricaci\u00f3 GMP de productes esterils","isPartOf":{"@id":"https:\/\/netsteril.com\/ca\/#website"},"datePublished":"2023-01-31T23:04:40+00:00","dateModified":"2026-03-19T11:13:05+00:00","description":"Blog d'actualitat Netsteril referent a Espanya en tecnologia per a la prevenci\u00f3 i control de contaminaci\u00f3 a la industria farmac\u00e8utica y biotecnologica.","breadcrumb":{"@id":"https:\/\/netsteril.com\/ca\/blog\/#breadcrumb"},"inLanguage":"ca","potentialAction":[{"@type":"ReadAction","target":["https:\/\/netsteril.com\/ca\/blog\/"]}]},{"@type":"BreadcrumbList","@id":"https:\/\/netsteril.com\/ca\/blog\/#breadcrumb","itemListElement":[{"@type":"ListItem","position":1,"name":"Portada","item":"https:\/\/netsteril.com\/ca\/"},{"@type":"ListItem","position":2,"name":"Blog"}]},{"@type":"WebSite","@id":"https:\/\/netsteril.com\/ca\/#website","url":"https:\/\/netsteril.com\/ca\/","name":"Netsteril","description":"Tecnologies de producci\u00f3 farmac\u00e8utica GMP","publisher":{"@id":"https:\/\/netsteril.com\/ca\/#organization"},"potentialAction":[{"@type":"SearchAction","target":{"@type":"EntryPoint","urlTemplate":"https:\/\/netsteril.com\/ca\/?s={search_term_string}"},"query-input":{"@type":"PropertyValueSpecification","valueRequired":true,"valueName":"search_term_string"}}],"inLanguage":"ca"},{"@type":"Organization","@id":"https:\/\/netsteril.com\/ca\/#organization","name":"Netsteril","url":"https:\/\/netsteril.com\/ca\/","logo":{"@type":"ImageObject","inLanguage":"ca","@id":"https:\/\/netsteril.com\/ca\/#\/schema\/logo\/image\/","url":"https:\/\/netsteril.com\/wp-content\/uploads\/2023\/03\/netsteril.jpg","contentUrl":"https:\/\/netsteril.com\/wp-content\/uploads\/2023\/03\/netsteril.jpg","width":1200,"height":630,"caption":"Netsteril"},"image":{"@id":"https:\/\/netsteril.com\/ca\/#\/schema\/logo\/image\/"}}]}},"_links":{"self":[{"href":"https:\/\/netsteril.com\/ca\/wp-json\/wp\/v2\/pages\/37725","targetHints":{"allow":["GET"]}}],"collection":[{"href":"https:\/\/netsteril.com\/ca\/wp-json\/wp\/v2\/pages"}],"about":[{"href":"https:\/\/netsteril.com\/ca\/wp-json\/wp\/v2\/types\/page"}],"author":[{"embeddable":true,"href":"https:\/\/netsteril.com\/ca\/wp-json\/wp\/v2\/users\/1"}],"replies":[{"embeddable":true,"href":"https:\/\/netsteril.com\/ca\/wp-json\/wp\/v2\/comments?post=37725"}],"version-history":[{"count":1,"href":"https:\/\/netsteril.com\/ca\/wp-json\/wp\/v2\/pages\/37725\/revisions"}],"predecessor-version":[{"id":37726,"href":"https:\/\/netsteril.com\/ca\/wp-json\/wp\/v2\/pages\/37725\/revisions\/37726"}],"wp:attachment":[{"href":"https:\/\/netsteril.com\/ca\/wp-json\/wp\/v2\/media?parent=37725"}],"curies":[{"name":"wp","href":"https:\/\/api.w.org\/{rel}","templated":true}]}}