{"id":12083,"date":"2023-01-31T15:02:20","date_gmt":"2023-01-31T15:02:20","guid":{"rendered":"https:\/\/netsteril.com\/?page_id=12083"},"modified":"2025-09-22T15:37:05","modified_gmt":"2025-09-22T15:37:05","slug":"politica-de-cookies","status":"publish","type":"page","link":"https:\/\/netsteril.com\/ca\/politica-de-cookies\/","title":{"rendered":"Pol\u00edtica de cookies"},"content":{"rendered":"<p><div class=\"fusion-fullwidth fullwidth-box fusion-builder-row-1 fusion-flex-container nonhundred-percent-fullwidth non-hundred-percent-height-scrolling\" style=\"--awb-border-radius-top-left:0px;--awb-border-radius-top-right:0px;--awb-border-radius-bottom-right:0px;--awb-border-radius-bottom-left:0px;--awb-flex-wrap:wrap;\" ><div class=\"fusion-builder-row fusion-row fusion-flex-align-items-flex-start fusion-flex-content-wrap\" style=\"max-width:1414.4px;margin-left: calc(-4% \/ 2 );margin-right: calc(-4% \/ 2 );\"><div class=\"fusion-layout-column fusion_builder_column fusion-builder-column-0 fusion_builder_column_1_1 1_1 fusion-flex-column\" style=\"--awb-bg-size:cover;--awb-width-large:100%;--awb-margin-top-large:0px;--awb-spacing-right-large:1.92%;--awb-margin-bottom-large:0px;--awb-spacing-left-large:1.92%;--awb-width-medium:100%;--awb-spacing-right-medium:1.92%;--awb-spacing-left-medium:1.92%;--awb-width-small:100%;--awb-spacing-right-small:1.92%;--awb-spacing-left-small:1.92%;\"><div class=\"fusion-column-wrapper fusion-flex-justify-content-flex-start fusion-content-layout-column\"><div class=\"fusion-text fusion-text-1\"><h2>Descripci\u00f3 i Finalitat<\/h2>\n<p>Les Cookies s\u00f3n arxius que el lloc web o l&#8217;aplicaci\u00f3 que utilitza un usuari instal\u00b7la en el seu navegador o en el seu dispositiu durant el recorregut per les p\u00e0gines o per l&#8217;aplicaci\u00f3, i serveixen per emmagatzemar informaci\u00f3 sobre la visita. Com la majoria dels llocs en internet, els portals web han de:<\/p>\n<p>\u25cf Assegurar que les p\u00e0gines web poden funcionar correctament.<br \/>\n\u25cf Emmagatzemar les prefer\u00e8ncies, com l&#8217;idioma seleccionat o la grand\u00e0ria de lletra.<br \/>\n\u25cf Con\u00e8ixer l&#8217;experi\u00e8ncia de navegaci\u00f3.<br \/>\n\u25cf Recopilar informaci\u00f3 estad\u00edstica an\u00f2nima, com les p\u00e0gines que s&#8217;han visitat\u00a0o el temps que ha durat la connexi\u00f3.<\/p>\n<p>L&#8217;\u00fas de Cookies ens permet optimitzar la navegaci\u00f3, adaptant la informaci\u00f3 i els serveis oferts als interessos de l&#8217;usuari, per proporcionar una millor experi\u00e8ncia sempre que visiti la p\u00e0gina. Les Cookies s&#8217;associen \u00fanicament a un usuari an\u00f2nim i el seu ordinador\/dispositiu i no proporcionen refer\u00e8ncies que permetin con\u00e8ixer dades personals. A tot moment, l&#8217;usuari podr\u00e0 accedir a la configuraci\u00f3 del seu navegador per modificar i\/o bloquejar la instal\u00b7laci\u00f3 de les Cookies enviades pels llocs web de www.netsteril.com. Els usuaris que completin el proc\u00e9s de registre o hagin iniciat sessi\u00f3 amb les seves dades d&#8217;acc\u00e9s podran accedir a serveis personalitzats i adaptats a les seves prefer\u00e8ncies segons la informaci\u00f3 personal subministrada al moment del registre i l&#8217;emmagatzemada en la Cookie del seu navegador.<\/p>\n<p>Google Analytics emmagatzema cookies per poder elaborar estad\u00edstiques sobre el tr\u00e0fic i volum de visites d&#8217;aquesta web. En utilitzar aquest lloc web est\u00e0 consentint el tractament d&#8217;informaci\u00f3 sobre vost\u00e8 per Google. Per tant, l&#8217;exercici de qualsevol dret en aquest sentit haur\u00e0 de fer-ho comunicant directament amb Google. Les cookies de Google Analytics, s&#8217;emmagatzemen en servidors situats a Estats Units i es compromet a no compartir-la amb tercers, excepte en els casos en els quals sigui necessari per al funcionament del sistema o quan la llei obligui a aquest efecte. Segons Google, no guarda la seva adre\u00e7a IP.<\/p>\n<p>Google Inc. \u00e9s una companyia adherida a \u201cPrivacyShiels\u201d (escut de privadesa) que garanteix que totes les dades transferides seran tractats amb un nivell de protecci\u00f3 concorde a la normativa europea. Pot consultar informaci\u00f3 detallada referent a aix\u00f2 a trav\u00e9s del seg\u00fcent enlla\u00e7: https:\/\/support.google.com\/analytics\/answer\/6004245.<\/p>\n<p>Si ho desitja pot utilitzar el Complement d&#8217;inhabilitaci\u00f3 per a navegadors de Google Analytics a trav\u00e9s de les instruccions dels quals poden rebutjar-se les cookies anal\u00edtiques d&#8217;aquest servei en tots els navegadors. Pot consultar m\u00e9s informaci\u00f3 sobre aquest tema al seg\u00fcent enlla\u00e7: https:\/\/tools.google.com\/dlpage\/gaoptout<\/p>\n<div><\/div>\n<div>\n<h2>Utilitat<\/h2>\n<\/div>\n<div>\n<div>&#8211; Des d&#8217;un punt de vista t\u00e8cnic, permeten que els llocs web funcionin de forma m\u00e9s \u00e0gil i adaptada a les prefer\u00e8ncies dels usuaris, com per exemple emmagatzemar l&#8217;idioma, la moneda del pa\u00eds o detectar el dispositiu d&#8217;acc\u00e9s.<br \/>\n&#8211; Estableixen nivells de protecci\u00f3 i seguretat que impedeixen o dificulten ciberataques contra el lloc web o els seus usuaris.<br \/>\n&#8211; Permeten que els gestors dels mitjans puguin con\u00e8ixer dades estad\u00edstiques recopilades en les Cookies per millorar la qualitat i experi\u00e8ncia dels seus serveis.<br \/>\n&#8211; Serveixen per optimitzar la publicitat que es mostra als usuaris, oferint la que m\u00e9s s&#8217;ajusta als seus interessos.<\/div>\n<div><\/div>\n<div>\n<h2><\/h2>\n<h2>Tipus de Cookies<\/h2>\n<table class=\"tabla-cookies\">\n<tbody>\n<tr>\n<td rowspan=\"2\">SEGONS L&#8217;ENTITAT QUE LES GESTIONIA<\/td>\n<td>Cookies propies<\/td>\n<td>S\u00f3n aquelles que es recapten pel propi editor per prestar el servei sol\u00b7licitat per l&#8217;usuari.<\/td>\n<\/tr>\n<tr>\n<td>Cookies de tercers<\/td>\n<td>S\u00f3n aquelles que s\u00f3n recaptades i gestionades per un tercer, aquestes no es poden considerar pr\u00f2pies.<\/td>\n<\/tr>\n<tr>\n<td rowspan=\"2\">SEGONS EL TERMINI DE TEMPS QUE ROMANGUIN ACTIVADES<\/td>\n<td>Cookies de sesi\u00f3<\/td>\n<td>Recapten dades mentre l&#8217;usuari navega per la xarxa amb la finalitat de prestar el servei sol\u00b7licitat.<\/td>\n<\/tr>\n<tr>\n<td>Cookies persistents<\/td>\n<td>S&#8217;emmagatzemen en el terminal i la informaci\u00f3 obtinguda, ser\u00e0 utilitzada pel responsable de la cookie amb la finalitat de prestar el servei sol\u00b7licitat.<\/td>\n<\/tr>\n<tr>\n<td rowspan=\"5\">SEGONS LA SEVA FINALITAT<\/td>\n<td>Cookies t\u00e8cnicques<\/td>\n<td>S\u00f3n les necess\u00e0ries per a la correcta navegaci\u00f3 per la web.<\/td>\n<\/tr>\n<tr>\n<td>Cookies de personalitzaci\u00f3<\/td>\n<td>Permeten a l&#8217;usuari les caracter\u00edstiques (idioma) per a la navegaci\u00f3 per la website.<\/td>\n<\/tr>\n<tr>\n<td>Cookies de an\u00e0lisi<\/td>\n<td>Permeten al prestador l&#8217;an\u00e0lisi vinculada a la navegaci\u00f3 realitzada per l&#8217;usuari, amb la finalitat de portar un seguiment d&#8217;\u00fas de la p\u00e0gina web, aix\u00ed com realitzar estad\u00edstiques dels continguts m\u00e9s visitats, nombre de visitants, etc.<\/td>\n<\/tr>\n<tr>\n<td>Cookies publicitaries<\/td>\n<td>Permeten a l&#8217;editor incloure a la web, espais publicitaris, segons el contingut de la pr\u00f2pia web.<\/td>\n<\/tr>\n<tr>\n<td>Cookies de public\u00edtat comportamental<\/td>\n<td>Permeten a l&#8217;editor incloure a la p\u00e0gina web espais publicitaris segons la informaci\u00f3 obtinguda a trav\u00e9s dels h\u00e0bits de navegaci\u00f3 de l&#8217;usuari.<\/td>\n<\/tr>\n<\/tbody>\n<\/table>\n<\/div>\n<\/div>\n<div>\n<h2>Configuraci\u00f3 de cookies<\/h2>\n<h2 class=\"fusion-responsive-typography-calculated\" data-fontsize=\"19\" data-lineheight=\"27px\">COOKIES UTILITZADES EN LA NOSTRA WEB<\/h2>\n<p>Segons el que es disposa en l\u2019article 22.2 de la Llei 34\/2002, d\u201911 de juliol, de Serveis de la Societat de la Informaci\u00f3 i de Comer\u00e7 Electr\u00f2nic (LSSI-CE),\u00a0NETSTERIL, SL informa de les cookies utilitzades en la nostra web:<\/p>\n<p><strong>Cookies Anal\u00edtiques<\/strong><\/p>\n<ul>\n<li><span class=\"s1\">_ga: Finalitat: Anal\u00edtica\u00a0 \/Propietari: Google\/ Caducitat:1 dia<\/span><\/li>\n<li>_gid: Finalitat<span class=\"s1\">: Anal\u00edtica\u00a0 \/Propietari: Google\/ Caducitat:1 dia<\/span><\/li>\n<li>ANID: Finalitat: Anal\u00edtica \/ Propietari: Google\/ Caducitat: 8 mesos<\/li>\n<li>APISID: Finalitat: Anal\u00edtica \/ Propietari: Google\/ Caducitat: 1 <span class=\"s1\">any<\/span><\/li>\n<li>HSID: Finalitat: Anal\u00edtica \/ Propietari: Google\/ Caducitat:2 <span class=\"s1\">anys<\/span><\/li>\n<li>NID: Finalitat: Anal\u00edtica \/ Propietari: Google\/ Caducitat: 2 mesos<\/li>\n<li>SAPISID: Finalitat: Anal\u00edtica \/ Propietari: Google\/ Caducitat:2 <span class=\"s1\">anys<\/span><\/li>\n<li>SID: Finalitat:Anal\u00edtica \/Propietari: Google \/ Caducitat:2 <span class=\"s1\">anys<\/span><\/li>\n<li>SIDCC: Finalitat: Anal\u00edtica\u00a0 \/Propietari: Google \/ Caducitat:1 <span class=\"s1\">any<\/span><\/li>\n<li>SSID: Finalitat: Anal\u00edtica\/Propietari: Google \/ Caducitat:2 <span class=\"s1\">any<\/span><\/li>\n<li><\/li>\n<\/ul>\n<p><strong>Cookies Publicitaries<\/strong><\/p>\n<ul>\n<li>__Secure-3PAPISID; Finalitat:Publicit\u00e0ria \/Propietari: Google\/ Caducitat:2 <span class=\"s1\">anys<\/span><\/li>\n<li>__Secure-3PSID: Finalitat:Publicit\u00e0ria \/Propietari: Google\/ Caducitat:2 <span class=\"s1\">anys<\/span><\/li>\n<li>__Secure-3PSIDCC: Finalitat:Publicit\u00e0ria \/Propietari: Google\/ Caducitat:1 <span class=\"s1\">any<\/span><\/li>\n<\/ul>\n<p><strong>Cookies T\u00e8cniques<\/strong><\/p>\n<ul>\n<li>CONSENT: Finalitat: Acceptaci\u00f3 de cookies en llocs web \/ Propietari: Google\/ Caducitat:17 <span class=\"s1\">anys<\/span><\/li>\n<li>SEARCH_SAMESITE: Finalitat: Seguretat \/Propietari: Google\/ Caducitat:1 mes<\/li>\n<li>_icl_current_language: Finalitat<span class=\"s1\">: Indentifica\u00a0el llenguatge de l\u2019usuario \u00a0 \/Propietari: Propia \/ Caducitat:1 dia<\/span><\/li>\n<li>viewed_cookie_policy:Finalitat<span class=\"s1\">: Funcionalitat, necess\u00e0ria per al funcionament de la visualitzaci\u00f3 de la pol\u00edtica de cookies de la web \/Propietari: Propia \/ Caducitat:6 mesos<\/span><\/li>\n<li>wordpress_logged_in: Finalitat<span class=\"s1\">: T\u00e8cnica \u00a0\/Propietari: Propia\/ Caducidad: Sesi\u00f3<\/span><\/li>\n<li>wordpress_sec_b2131722f626cc650f1f1b68e94368bb: Finalitat<span class=\"s1\">: T\u00e8cnica. Cookie\u00a0utilitzada per\u00a0WordPress\u00a0per a mantenir la sessi\u00f3 per a un usuari registrat \/Propietari: Propia \/ Caducitat: Sessi\u00f3<\/span><\/li>\n<li>wordpress_test_cookie:Finalitat<span class=\"s1\">: T\u00e8cnica, s\u2019utilitza perqu\u00e8 el gestor de continguts WordPress comprovi si el navegador t\u00e9 les cookies activades \u00a0\/Propietari:Propia \/ Caducitat: Sessi\u00f3<\/span><\/li>\n<li>wp-settings-1: Finalitat<span class=\"s1\">: T\u00e8cnica, per a mantenir la configuraci\u00f3 de l\u2019usuari en wp-admin\u00a0 \u00a0\/Propietari: Propia\/ Caducitat: 6 mes0s<\/span><\/li>\n<li>wp-settings-time-1:Finalitat<span class=\"s1\">: T\u00e8cnica, utilitzada per WordPress per a personalitzar la interf\u00edcie d\u2019usuari \/Propietari: Propia\/ Caducitat: 6 mesos<\/span><\/li>\n<li>cookielawinfo-checkbox-non-necessary: Finalitat: Aceptaci\u00f3 de cookies necesaries <span class=\"s1\">\/Propietari: Propia\/ Caducitat: 1 any<\/span><\/li>\n<li>rs6_overview_pagination: Finalitat: Sessi\u00f3, per a personalitzar la interf\u00edcie d\u2019usuari\/ <span class=\"s1\">Propietari: Propia\/ Caducitat: 1 any<\/span><\/li>\n<\/ul>\n<h2 class=\"fusion-responsive-typography-calculated\" data-fontsize=\"19\" data-lineheight=\"27px\">Com es deshabiliten les cookies en els navegadors?<\/h2>\n<p>En navegar i continuar en el nostre Lloc web estar\u00e0 consentint l\u2019\u00fas de les Cookies en les condicions contingudes en la present Pol\u00edtica de Cookies. B66748096 proporciona acc\u00e9s a aquesta Pol\u00edtica de Cookies al moment del registre amb l\u2019objectiu que l\u2019usuari estigui informat, i sense perjudici que aquest pugui exercir el seu dret a bloquejar, eliminar i rebutjar l\u2019\u00fas de Cookies a tot moment. At\u00e8s que les Cookies no s\u00f3n necess\u00e0ries per a l\u2019\u00fas d\u2019aquest Lloc web, es poden bloquejar o\u00a0deshabilitar activant la configuraci\u00f3 del navegador, que permet rebutjar la instal\u00b7laci\u00f3 de totes les cookies o d\u2019algunes d\u2019elles. La pr\u00e0ctica majoria dels navegadors permeten\u00a0advertir de la pres\u00e8ncia de Cookies o rebutjar-les autom\u00e0ticament. Si es rebutgen, es podr\u00e0 seguir usant el Lloc web, encara que l\u2019\u00fas d\u2019alguns dels seus serveis podr\u00e0 ser limitat i per tant l\u2019experi\u00e8ncia ser\u00e0 menys satisfact\u00f2ria. A continuaci\u00f3, s\u2019indiquen els links dels principals navegadors i dispositius perqu\u00e8 es pugui disposar de tota la informaci\u00f3 per consultar com gestionar les cookies en cada navegador.<\/p>\n<p><strong>Internet Explorer\u2122:<\/strong><br \/>\nVersi\u00f3 5: http:\/\/support.microsoft.com\/kb\/196955\/es<br \/>\nVersi\u00f3 6: http:\/\/support.microsoft.com\/kb\/283185\/es<br \/>\nVersi\u00f3 7 y 8: http:\/\/windows.microsoft.com\/es-ES\/windows-vista\/Block-or-allow-cookies<br \/>\nVersi\u00f3 9: http:\/\/windows.microsoft.com\/es-ES\/windows7\/How-to-manage-cookies-in-Internet-Explorer-9<br \/>\nSafari\u2122: https:\/\/support.apple.com\/kb\/ph17191?locale=es_ES<br \/>\nGoogle\u2122: https:\/\/support.google.com\/chrome\/answer\/95647?hl=es&amp;hlrm=en<br \/>\nFirefox\u2122:<br \/>\nhttp:\/\/support.mozilla.org\/es\/kb\/cookies-informacion-que-los-sitios-web-guardan-en-?redirectlocale=en-US&#038;redirectslug=Cookies<br \/>\nOpera\u2122 : http:\/\/help.opera.com\/Windows\/11.50\/es-ES\/cookies.html<br \/>\nAndroid: http:\/\/support.google.com\/android\/?hl=es<br \/>\nWindows Phone: http:\/\/www.windowsphone.com\/es-ES\/how-to\/wp7\/web\/changing-privacy-and-other-browser-settings<br \/>\nBlackberry:\u00a0http:\/\/docs.blackberry.com\/en\/smartphone_users\/deliverables\/18578\/Turn_off_cookies_in_the_browser_60_1072866_11.jsp<\/p>\n<p>Per a informaci\u00f3 addicional sobre com configurar les Cookies detallada per prove\u00efdor o administrar les prefer\u00e8ncies, es pot visitar el portal YourOnline Choices.<\/p>\n<\/div>\n<\/div><\/div><\/div><\/div><\/div><div class=\"fusion-fullwidth fullwidth-box fusion-builder-row-2 fusion-flex-container has-pattern-background has-mask-background nonhundred-percent-fullwidth non-hundred-percent-height-scrolling\" style=\"--awb-border-radius-top-left:0px;--awb-border-radius-top-right:0px;--awb-border-radius-bottom-right:0px;--awb-border-radius-bottom-left:0px;--awb-flex-wrap:wrap;\" ><div class=\"fusion-builder-row fusion-row fusion-flex-align-items-flex-start fusion-flex-content-wrap\" style=\"max-width:1414.4px;margin-left: calc(-4% \/ 2 );margin-right: calc(-4% \/ 2 );\"><div class=\"fusion-layout-column fusion_builder_column fusion-builder-column-1 fusion_builder_column_1_1 1_1 fusion-flex-column\" style=\"--awb-bg-size:cover;--awb-width-large:100%;--awb-margin-top-large:0px;--awb-spacing-right-large:1.92%;--awb-margin-bottom-large:20px;--awb-spacing-left-large:1.92%;--awb-width-medium:100%;--awb-order-medium:0;--awb-spacing-right-medium:1.92%;--awb-spacing-left-medium:1.92%;--awb-width-small:100%;--awb-order-small:0;--awb-spacing-right-small:1.92%;--awb-spacing-left-small:1.92%;\"><div class=\"fusion-column-wrapper fusion-column-has-shadow fusion-flex-justify-content-flex-start fusion-content-layout-column\">[wcc_category_list]<\/div><\/div><\/div><\/div><\/p>\n","protected":false},"excerpt":{"rendered":"","protected":false},"author":1,"featured_media":0,"parent":0,"menu_order":0,"comment_status":"closed","ping_status":"closed","template":"","meta":{"footnotes":""},"class_list":["post-12083","page","type-page","status-publish","hentry"],"yoast_head":"<!-- This site is optimized with the Yoast SEO plugin v27.4 - https:\/\/yoast.com\/product\/yoast-seo-wordpress\/ -->\n<title>Pol\u00edtica de cookies - Netsteril<\/title>\n<meta name=\"robots\" content=\"noindex, nofollow\" \/>\n<meta property=\"og:locale\" content=\"ca_ES\" \/>\n<meta property=\"og:type\" content=\"article\" \/>\n<meta property=\"og:title\" content=\"Pol\u00edtica de cookies - Netsteril\" \/>\n<meta property=\"og:url\" content=\"https:\/\/netsteril.com\/ca\/politica-de-cookies\/\" \/>\n<meta property=\"og:site_name\" content=\"Netsteril\" \/>\n<meta property=\"article:modified_time\" content=\"2025-09-22T15:37:05+00:00\" \/>\n<meta property=\"og:image\" content=\"https:\/\/netsteril.com\/wp-content\/uploads\/2023\/03\/netsteril.jpg\" \/>\n\t<meta property=\"og:image:width\" content=\"1200\" \/>\n\t<meta property=\"og:image:height\" content=\"630\" \/>\n\t<meta property=\"og:image:type\" content=\"image\/jpeg\" \/>\n<script type=\"application\/ld+json\" class=\"yoast-schema-graph\">{\"@context\":\"https:\\\/\\\/schema.org\",\"@graph\":[{\"@type\":\"WebPage\",\"@id\":\"https:\\\/\\\/netsteril.com\\\/ca\\\/politica-de-cookies\\\/\",\"url\":\"https:\\\/\\\/netsteril.com\\\/ca\\\/politica-de-cookies\\\/\",\"name\":\"Pol\u00edtica de cookies - Netsteril\",\"isPartOf\":{\"@id\":\"https:\\\/\\\/netsteril.com\\\/ca\\\/#website\"},\"datePublished\":\"2023-01-31T15:02:20+00:00\",\"dateModified\":\"2025-09-22T15:37:05+00:00\",\"breadcrumb\":{\"@id\":\"https:\\\/\\\/netsteril.com\\\/ca\\\/politica-de-cookies\\\/#breadcrumb\"},\"inLanguage\":\"ca\",\"potentialAction\":[{\"@type\":\"ReadAction\",\"target\":[\"https:\\\/\\\/netsteril.com\\\/ca\\\/politica-de-cookies\\\/\"]}]},{\"@type\":\"BreadcrumbList\",\"@id\":\"https:\\\/\\\/netsteril.com\\\/ca\\\/politica-de-cookies\\\/#breadcrumb\",\"itemListElement\":[{\"@type\":\"ListItem\",\"position\":1,\"name\":\"Portada\",\"item\":\"https:\\\/\\\/netsteril.com\\\/ca\\\/\"},{\"@type\":\"ListItem\",\"position\":2,\"name\":\"Pol\u00edtica de cookies\"}]},{\"@type\":\"WebSite\",\"@id\":\"https:\\\/\\\/netsteril.com\\\/ca\\\/#website\",\"url\":\"https:\\\/\\\/netsteril.com\\\/ca\\\/\",\"name\":\"Netsteril\",\"description\":\"Tecnologies de producci\u00f3 farmac\u00e8utica GMP\",\"publisher\":{\"@id\":\"https:\\\/\\\/netsteril.com\\\/ca\\\/#organization\"},\"potentialAction\":[{\"@type\":\"SearchAction\",\"target\":{\"@type\":\"EntryPoint\",\"urlTemplate\":\"https:\\\/\\\/netsteril.com\\\/ca\\\/?s={search_term_string}\"},\"query-input\":{\"@type\":\"PropertyValueSpecification\",\"valueRequired\":true,\"valueName\":\"search_term_string\"}}],\"inLanguage\":\"ca\"},{\"@type\":\"Organization\",\"@id\":\"https:\\\/\\\/netsteril.com\\\/ca\\\/#organization\",\"name\":\"Netsteril\",\"url\":\"https:\\\/\\\/netsteril.com\\\/ca\\\/\",\"logo\":{\"@type\":\"ImageObject\",\"inLanguage\":\"ca\",\"@id\":\"https:\\\/\\\/netsteril.com\\\/ca\\\/#\\\/schema\\\/logo\\\/image\\\/\",\"url\":\"https:\\\/\\\/netsteril.com\\\/wp-content\\\/uploads\\\/2023\\\/03\\\/netsteril.jpg\",\"contentUrl\":\"https:\\\/\\\/netsteril.com\\\/wp-content\\\/uploads\\\/2023\\\/03\\\/netsteril.jpg\",\"width\":1200,\"height\":630,\"caption\":\"Netsteril\"},\"image\":{\"@id\":\"https:\\\/\\\/netsteril.com\\\/ca\\\/#\\\/schema\\\/logo\\\/image\\\/\"}}]}<\/script>\n<!-- \/ Yoast SEO plugin. -->","yoast_head_json":{"title":"Pol\u00edtica de cookies - Netsteril","robots":{"index":"noindex","follow":"nofollow"},"og_locale":"ca_ES","og_type":"article","og_title":"Pol\u00edtica de cookies - Netsteril","og_url":"https:\/\/netsteril.com\/ca\/politica-de-cookies\/","og_site_name":"Netsteril","article_modified_time":"2025-09-22T15:37:05+00:00","og_image":[{"width":1200,"height":630,"url":"https:\/\/netsteril.com\/wp-content\/uploads\/2023\/03\/netsteril.jpg","type":"image\/jpeg"}],"schema":{"@context":"https:\/\/schema.org","@graph":[{"@type":"WebPage","@id":"https:\/\/netsteril.com\/ca\/politica-de-cookies\/","url":"https:\/\/netsteril.com\/ca\/politica-de-cookies\/","name":"Pol\u00edtica de cookies - Netsteril","isPartOf":{"@id":"https:\/\/netsteril.com\/ca\/#website"},"datePublished":"2023-01-31T15:02:20+00:00","dateModified":"2025-09-22T15:37:05+00:00","breadcrumb":{"@id":"https:\/\/netsteril.com\/ca\/politica-de-cookies\/#breadcrumb"},"inLanguage":"ca","potentialAction":[{"@type":"ReadAction","target":["https:\/\/netsteril.com\/ca\/politica-de-cookies\/"]}]},{"@type":"BreadcrumbList","@id":"https:\/\/netsteril.com\/ca\/politica-de-cookies\/#breadcrumb","itemListElement":[{"@type":"ListItem","position":1,"name":"Portada","item":"https:\/\/netsteril.com\/ca\/"},{"@type":"ListItem","position":2,"name":"Pol\u00edtica de cookies"}]},{"@type":"WebSite","@id":"https:\/\/netsteril.com\/ca\/#website","url":"https:\/\/netsteril.com\/ca\/","name":"Netsteril","description":"Tecnologies de producci\u00f3 farmac\u00e8utica GMP","publisher":{"@id":"https:\/\/netsteril.com\/ca\/#organization"},"potentialAction":[{"@type":"SearchAction","target":{"@type":"EntryPoint","urlTemplate":"https:\/\/netsteril.com\/ca\/?s={search_term_string}"},"query-input":{"@type":"PropertyValueSpecification","valueRequired":true,"valueName":"search_term_string"}}],"inLanguage":"ca"},{"@type":"Organization","@id":"https:\/\/netsteril.com\/ca\/#organization","name":"Netsteril","url":"https:\/\/netsteril.com\/ca\/","logo":{"@type":"ImageObject","inLanguage":"ca","@id":"https:\/\/netsteril.com\/ca\/#\/schema\/logo\/image\/","url":"https:\/\/netsteril.com\/wp-content\/uploads\/2023\/03\/netsteril.jpg","contentUrl":"https:\/\/netsteril.com\/wp-content\/uploads\/2023\/03\/netsteril.jpg","width":1200,"height":630,"caption":"Netsteril"},"image":{"@id":"https:\/\/netsteril.com\/ca\/#\/schema\/logo\/image\/"}}]}},"_links":{"self":[{"href":"https:\/\/netsteril.com\/ca\/wp-json\/wp\/v2\/pages\/12083","targetHints":{"allow":["GET"]}}],"collection":[{"href":"https:\/\/netsteril.com\/ca\/wp-json\/wp\/v2\/pages"}],"about":[{"href":"https:\/\/netsteril.com\/ca\/wp-json\/wp\/v2\/types\/page"}],"author":[{"embeddable":true,"href":"https:\/\/netsteril.com\/ca\/wp-json\/wp\/v2\/users\/1"}],"replies":[{"embeddable":true,"href":"https:\/\/netsteril.com\/ca\/wp-json\/wp\/v2\/comments?post=12083"}],"version-history":[{"count":7,"href":"https:\/\/netsteril.com\/ca\/wp-json\/wp\/v2\/pages\/12083\/revisions"}],"predecessor-version":[{"id":32614,"href":"https:\/\/netsteril.com\/ca\/wp-json\/wp\/v2\/pages\/12083\/revisions\/32614"}],"wp:attachment":[{"href":"https:\/\/netsteril.com\/ca\/wp-json\/wp\/v2\/media?parent=12083"}],"curies":[{"name":"wp","href":"https:\/\/api.w.org\/{rel}","templated":true}]}}